{"id":6006,"date":"2024-09-02T20:48:11","date_gmt":"2024-09-02T20:48:11","guid":{"rendered":"https:\/\/viluthu.ch\/general-terms-and-conditions\/"},"modified":"2024-09-23T11:26:12","modified_gmt":"2024-09-23T11:26:12","slug":"general-terms-and-conditions","status":"publish","type":"page","link":"https:\/\/viluthu.ch\/de\/general-terms-and-conditions\/","title":{"rendered":"Allgemeine Bedingungen und Konditionen"},"content":{"rendered":"\n<p><strong>Allgemeine Gesch\u00e4ftsbedingungen (AGB) f\u00fcr Bestellungen \u00fcber www.viluthu.ch<\/strong><\/p>\n\n<p>Die Allgemeinen Gesch\u00e4ftsbedingungen (nachfolgend &#8222;AGB&#8220; genannt) gelten f\u00fcr alle Bestellungen und Vertr\u00e4ge, die \u00fcber den Online-Shop von viluthu.ch abgeschlossen werden (nachfolgend &#8222;Bestellung&#8220; genannt).<\/p>\n\n<p>Viluthu beh\u00e4lt sich das Recht vor, die AGB jederzeit zu \u00e4ndern.\nDie zum Zeitpunkt der Bestellung g\u00fcltige Version der AGB ist verbindlich und kann f\u00fcr diese Bestellung nicht einseitig ge\u00e4ndert werden. <\/p>\n\n<p><strong>Bestellung, Preis und Zahlungen<\/strong><br\/>1.1 Das Angebot richtet sich sowohl an nat\u00fcrliche als auch an juristische Personen.\nDie Lieferung erfolgt nur an Adressen in der Schweiz. <\/p>\n\n<p>1.2 Das Angebot ist g\u00fcltig, solange der Vorrat reicht.\nPreis- und Sortiments\u00e4nderungen sind jederzeit m\u00f6glich. <\/p>\n\n<p>1.3 Zu den angebotenen Zahlungsm\u00f6glichkeiten geh\u00f6ren Twint, Mastercard, Visa und PayPal.\nWir behalten uns das Recht vor, bestimmte Zahlungsarten f\u00fcr jede Bestellung abzulehnen und auf eine Alternative zu verweisen. <\/p>\n\n<p>1.4 Zahlungen werden in Schweizer Franken (CHF) und Euro (EUR) akzeptiert.\nAlle Transaktionskosten gehen zu Lasten des K\u00e4ufers. <\/p>\n\n<p>1.5 Durch den Abschluss des Kaufvorgangs im Online-Shop &#8211; &#8222;Kaufen&#8220; &#8211; ist die Bestellung verbindlich und wird unverz\u00fcglich per E-Mail best\u00e4tigt, wodurch der Kaufvertrag g\u00fcltig wird.\nDie anschlie\u00dfende Lieferung erfolgt nach Eingang der vollst\u00e4ndigen Zahlung des Kaufpreises, einschlie\u00dflich eventueller Versandkosten.\nIm Falle einer Vorauszahlung wird die Ware bis zum Eingang des vereinbarten Kaufpreises reserviert.\nDie Lieferung erfolgt sofort nach Eingang des Kaufpreises.\nDie Zahlung per Vorkasse wird zum fr\u00fchestm\u00f6glichen Wertstellungsdatum nach Eingang der Bestellung erwartet, sp\u00e4testens jedoch innerhalb von 7 Werktagen.    <\/p>\n\n<p>1.6 Jede Art von Gutschein, der bei Viluthu eingel\u00f6st werden kann, kann nicht kumulativ verwendet werden.<\/p>\n\n<p><strong>Lieferung<\/strong><br\/>2.1 Die Versandkosten richten sich nach dem Gewicht der bestellten Produkte (Mindestbestellwert ohne Versandkosten) und dem Wohnsitz des K\u00e4ufers.  <\/p>\n\n<p>2.2 Wir liefern innerhalb der Schweiz und Liechtenstein Die Lieferzeit betr\u00e4gt in der Regel 3-5 Werktage f\u00fcr Lieferungen innerhalb der Schweiz und Liechtenstein, wobei Lieferverz\u00f6gerungen in Ausnahmef\u00e4llen vorbehalten sind. Schadensersatzanspr\u00fcche wegen versp\u00e4teter oder nicht erfolgter Lieferungen sind ausgeschlossen. <\/p>\n\n<p><strong>Garantie<\/strong><br\/>3.1 Der K\u00e4ufer muss die gelieferte Ware so schnell wie m\u00f6glich untersuchen und etwaige M\u00e4ngel unverz\u00fcglich \u00fcber das Web-Kontaktformular melden.  <\/p>\n\n<p><strong>Schadensersatzanspr\u00fcche<\/strong><br\/>4.1 Schadensersatzanspr\u00fcche aufgrund von Fehlern in Bildern, Preisen und Texten k\u00f6nnen wir nicht anerkennen.\nWir bitten um Ihr Verst\u00e4ndnis. <\/p>\n\n<p><strong>R\u00fcckgabe<\/strong><br\/>5.1 Artikel k\u00f6nnen innerhalb von 14 Tagen nach Erhalt zur\u00fcckgegeben werden, vorausgesetzt, wir erhalten den Artikel in demselben Zustand, in dem er versandt wurde.\nSie k\u00f6nnen das Paket an die folgende Adresse zur\u00fccksenden: <\/p>\n\n<p>Viluthu Sivarajah<br\/>Florastrasse 8<br\/>8307 Effretikon<br\/>Schweiz<\/p>\n\n<p>Die Kosten f\u00fcr die R\u00fccksendung m\u00fcssen von Ihnen getragen werden und werden nicht von uns \u00fcbernommen.<\/p>\n\n<p>5.2 Sie k\u00f6nnen den Artikel in dem Karton verpacken, den wir f\u00fcr den Versand verwendet haben.\nDie urspr\u00fcnglichen Versandkosten sind nicht erstattungsf\u00e4hig. <\/p>\n\n<p>5.3 Bitte stellen Sie sicher, dass die R\u00fccksendung mit einer Sendungsverfolgung versehen ist, und bewahren Sie die Quittung auf.\nWenn das Paket verloren geht und Sie es ohne Sendungsverfolgung verschickt haben, k\u00f6nnen wir keine Erstattung vornehmen.\nNachdem wir Ihren Artikel erhalten haben, werden wir Ihnen den Betrag umgehend erstatten.  <\/p>\n\n<p><strong>Haftung und weitere Informationen<\/strong><br\/>6.1 Ab dem Zeitpunkt der Lieferung unterliegen die Produkte Ihrer Haftung.<\/p>\n\n<p>6.2 Das Eigentum an den Produkten geht erst nach vollst\u00e4ndiger Bezahlung aller f\u00fcr die Produkte f\u00e4lligen Betr\u00e4ge, einschlie\u00dflich der Transportkosten, oder bei Lieferung, falls diese nach vollst\u00e4ndiger Bezahlung erfolgt, auf Sie \u00fcber.<\/p>\n\n<p>6.3 Sollten einzelne Bestimmungen des Vertrages einschlie\u00dflich dieser Bedingungen ganz oder teilweise unwirksam sein oder werden oder sollte der Vertrag eine unvorhergesehene L\u00fccke enthalten, so wird hierdurch die G\u00fcltigkeit der \u00fcbrigen Bestimmungen oder Teile solcher Bestimmungen nicht ber\u00fchrt.\nAnstelle der unwirksamen oder fehlenden Bestimmungen gelten die jeweiligen gesetzlichen Regelungen. <\/p>\n\n<p><strong>Anwendbares Recht und Gerichtsstand<\/strong><br\/>7.1 F\u00fcr alle Rechtsgesch\u00e4fte oder sonstigen Rechtsbeziehungen mit uns gilt Schweizer Recht.\nDas \u00dcbereinkommen der Vereinten Nationen \u00fcber Vertr\u00e4ge \u00fcber den internationalen Warenkauf (CISG) und etwaige andere zwischenstaatliche Abkommen finden keine Anwendung.\nBei Vertr\u00e4gen zu einem Zweck, der nicht der beruflichen oder gewerblichen T\u00e4tigkeit der berechtigten Partei zugerechnet werden kann (Verbrauchervertrag), gilt diese Rechtswahl nur insoweit, als nicht der gew\u00e4hrte Schutz durch zwingende Bestimmungen des Rechts des Staates, in dem der Verbraucher seinen gew\u00f6hnlichen Aufenthalt hat, entzogen wird.  <\/p>\n\n<p>7.2 Gegen\u00fcber Verbrauchern ist der Gerichtsstand der schweizerische Wohnsitz des Verbrauchers.\nIm Gesch\u00e4ftsverkehr mit Kaufleuten wird als Gerichtsstand f\u00fcr alle Rechtsstreitigkeiten \u00fcber diese Bedingungen und die unter ihrer Geltung geschlossenen Einzelvertr\u00e4ge, einschlie\u00dflich Wechsel- und Scheckklagen, unser Gesch\u00e4ftssitz vereinbart.\nWir sind in diesem Fall auch berechtigt, am (Wohn-)Sitz des Kunden zu klagen.  <\/p>\n","protected":false},"excerpt":{"rendered":"<p>Allgemeine Gesch\u00e4ftsbedingungen (AGB) f\u00fcr Bestellungen \u00fcber www.viluthu.ch Die Allgemeinen Gesch\u00e4ftsbedingungen (nachfolgend &#8222;AGB&#8220; genannt) gelten f\u00fcr alle Bestellungen und Vertr\u00e4ge, die \u00fcber den Online-Shop von viluthu.ch abgeschlossen werden (nachfolgend &#8222;Bestellung&#8220; genannt). Viluthu beh\u00e4lt sich das Recht vor, die AGB jederzeit zu \u00e4ndern. Die zum Zeitpunkt der Bestellung g\u00fcltige Version der AGB ist verbindlich und kann f\u00fcr [&hellip;]<\/p>\n","protected":false},"author":1,"featured_media":0,"parent":0,"menu_order":0,"comment_status":"closed","ping_status":"closed","template":"","meta":{"_uag_custom_page_level_css":"","site-sidebar-layout":"default","site-content-layout":"","ast-site-content-layout":"default","site-content-style":"default","site-sidebar-style":"default","ast-global-header-display":"","ast-banner-title-visibility":"","ast-main-header-display":"","ast-hfb-above-header-display":"","ast-hfb-below-header-display":"","ast-hfb-mobile-header-display":"","site-post-title":"","ast-breadcrumbs-content":"","ast-featured-img":"","footer-sml-layout":"","theme-transparent-header-meta":"","adv-header-id-meta":"","stick-header-meta":"","header-above-stick-meta":"","header-main-stick-meta":"","header-below-stick-meta":"","astra-migrate-meta-layouts":"set","ast-page-background-enabled":"default","ast-page-background-meta":{"desktop":{"background-color":"","background-image":"","background-repeat":"repeat","background-position":"center center","background-size":"auto","background-attachment":"scroll","background-type":"","background-media":"","overlay-type":"","overlay-color":"","overlay-opacity":"","overlay-gradient":""},"tablet":{"background-color":"","background-image":"","background-repeat":"repeat","background-position":"center center","background-size":"auto","background-attachment":"scroll","background-type":"","background-media":"","overlay-type":"","overlay-color":"","overlay-opacity":"","overlay-gradient":""},"mobile":{"background-color":"","background-image":"","background-repeat":"repeat","background-position":"center center","background-size":"auto","background-attachment":"scroll","background-type":"","background-media":"","overlay-type":"","overlay-color":"","overlay-opacity":"","overlay-gradient":""}},"ast-content-background-meta":{"desktop":{"background-color":"var(--ast-global-color-5)","background-image":"","background-repeat":"repeat","background-position":"center center","background-size":"auto","background-attachment":"scroll","background-type":"","background-media":"","overlay-type":"","overlay-color":"","overlay-opacity":"","overlay-gradient":""},"tablet":{"background-color":"var(--ast-global-color-5)","background-image":"","background-repeat":"repeat","background-position":"center center","background-size":"auto","background-attachment":"scroll","background-type":"","background-media":"","overlay-type":"","overlay-color":"","overlay-opacity":"","overlay-gradient":""},"mobile":{"background-color":"var(--ast-global-color-5)","background-image":"","background-repeat":"repeat","background-position":"center center","background-size":"auto","background-attachment":"scroll","background-type":"","background-media":"","overlay-type":"","overlay-color":"","overlay-opacity":"","overlay-gradient":""}},"footnotes":""},"class_list":["post-6006","page","type-page","status-publish","hentry"],"spectra_custom_meta":{"_wp_page_template":[""],"_wpml_word_count":["{\"total\":780,\"to_translate\":{\"de\":780,\"ta\":780}}"],"rank_math_internal_links_processed":["1"],"_uag_custom_page_level_css":[""],"ast-site-content-layout":["default"],"theme-transparent-header-meta":[""],"adv-header-id-meta":[""],"stick-header-meta":[""],"astra-migrate-meta-layouts":["set"],"footnotes":[""],"rank_math_seo_score":["10"],"_wpml_media_duplicate":["1"],"_wpml_media_featured":["1"],"_wpml_location_migration_done":["1"],"rank_math_analytic_object_id":["52"],"_edit_lock":["1727090052:2"],"_last_translation_edit_mode":["translation-editor"],"_edit_last":["1"],"_top_nav_excluded":[""],"_cms_nav_minihome":[""],"_uag_page_assets":["a:9:{s:3:\"css\";s:263:\".uag-blocks-common-selector{z-index:var(--z-index-desktop) !important}@media (max-width: 976px){.uag-blocks-common-selector{z-index:var(--z-index-tablet) !important}}@media (max-width: 767px){.uag-blocks-common-selector{z-index:var(--z-index-mobile) !important}}\n\";s:2:\"js\";s:0:\"\";s:18:\"current_block_list\";a:15:{i:0;s:14:\"core\/paragraph\";i:1;s:11:\"core\/search\";i:2;s:10:\"core\/group\";i:3;s:12:\"core\/heading\";i:4;s:17:\"core\/latest-posts\";i:5;s:20:\"core\/latest-comments\";i:6;s:13:\"core\/archives\";i:7;s:15:\"core\/categories\";i:8;s:24:\"woocommerce\/price-filter\";i:9;s:24:\"woocommerce\/stock-filter\";i:10;s:14:\"core\/page-list\";i:11;s:12:\"core\/columns\";i:12;s:11:\"core\/column\";i:13;s:26:\"woocommerce\/product-search\";i:14;s:26:\"woocommerce\/active-filters\";}s:8:\"uag_flag\";b:0;s:11:\"uag_version\";s:10:\"1776143432\";s:6:\"gfonts\";a:0:{}s:10:\"gfonts_url\";s:0:\"\";s:12:\"gfonts_files\";a:0:{}s:14:\"uag_faq_layout\";b:0;}"],"_uag_css_file_name":["uag-css-6006.css"]},"uagb_featured_image_src":{"full":false,"thumbnail":false,"medium":false,"medium_large":false,"large":false,"1536x1536":false,"2048x2048":false,"woocommerce_thumbnail":false,"woocommerce_single":false,"woocommerce_gallery_thumbnail":false},"uagb_author_info":{"display_name":"admin","author_link":"https:\/\/viluthu.ch\/de\/author\/sivarajaht_0saaj69u\/"},"uagb_comment_info":0,"uagb_excerpt":"Allgemeine Gesch\u00e4ftsbedingungen (AGB) f\u00fcr Bestellungen \u00fcber www.viluthu.ch Die Allgemeinen Gesch\u00e4ftsbedingungen (nachfolgend &#8222;AGB&#8220; genannt) gelten f\u00fcr alle Bestellungen und Vertr\u00e4ge, die \u00fcber den Online-Shop von viluthu.ch abgeschlossen werden (nachfolgend &#8222;Bestellung&#8220; genannt). Viluthu beh\u00e4lt sich das Recht vor, die AGB jederzeit zu \u00e4ndern. Die zum Zeitpunkt der Bestellung g\u00fcltige Version der AGB ist verbindlich und kann f\u00fcr&hellip;","_links":{"self":[{"href":"https:\/\/viluthu.ch\/de\/wp-json\/wp\/v2\/pages\/6006","targetHints":{"allow":["GET"]}}],"collection":[{"href":"https:\/\/viluthu.ch\/de\/wp-json\/wp\/v2\/pages"}],"about":[{"href":"https:\/\/viluthu.ch\/de\/wp-json\/wp\/v2\/types\/page"}],"author":[{"embeddable":true,"href":"https:\/\/viluthu.ch\/de\/wp-json\/wp\/v2\/users\/1"}],"replies":[{"embeddable":true,"href":"https:\/\/viluthu.ch\/de\/wp-json\/wp\/v2\/comments?post=6006"}],"version-history":[{"count":5,"href":"https:\/\/viluthu.ch\/de\/wp-json\/wp\/v2\/pages\/6006\/revisions"}],"predecessor-version":[{"id":6100,"href":"https:\/\/viluthu.ch\/de\/wp-json\/wp\/v2\/pages\/6006\/revisions\/6100"}],"wp:attachment":[{"href":"https:\/\/viluthu.ch\/de\/wp-json\/wp\/v2\/media?parent=6006"}],"curies":[{"name":"wp","href":"https:\/\/api.w.org\/{rel}","templated":true}]}}