{"id":6340,"date":"2025-01-02T17:55:42","date_gmt":"2025-01-02T16:55:42","guid":{"rendered":"https:\/\/viluthu.ch\/informationen-zur-lieferung\/"},"modified":"2025-01-13T23:14:33","modified_gmt":"2025-01-13T22:14:33","slug":"informationen-zur-lieferung","status":"publish","type":"page","link":"https:\/\/viluthu.ch\/de\/informationen-zur-lieferung\/","title":{"rendered":"Informationen zur Lieferung"},"content":{"rendered":"\n<h2 class=\"wp-block-heading has-medium-font-size\">1. Umfang<\/h2>\n\n<p>Die folgenden Versandbedingungen gelten f\u00fcr alle Lieferungen von Produkten durch viluthu.ch an Kunden innerhalb der Schweiz.<\/p>\n\n<h2 class=\"wp-block-heading has-medium-font-size\">2. Versandkosten<\/h2>\n\n<p><strong>A-Post (0-500gr):<\/strong> CHF 3.70<br\/><strong>PostPac Economy<\/strong>: CHF 8.90<\/p>\n\n<h2 class=\"wp-block-heading has-medium-font-size\">3. Lieferfrist<\/h2>\n\n<p><strong>Innerhalb der Schweiz<\/strong>: 1-3 Arbeitstage<\/p>\n\n<h2 class=\"wp-block-heading has-medium-font-size\">4. Lieferadresse<\/h2>\n\n<p>Der Kunde ist f\u00fcr die Angabe einer korrekten Lieferadresse verantwortlich. Die Lieferung erfolgt an die vom Kunden w\u00e4hrend des Bestellvorgangs angegebene Adresse. <\/p>\n\n<h2 class=\"wp-block-heading has-medium-font-size\">5. Teillieferungen<\/h2>\n\n<p>Der Verk\u00e4ufer beh\u00e4lt sich das Recht vor, Teillieferungen vorzunehmen, wenn dies f\u00fcr eine z\u00fcgige Bearbeitung der Bestellung erforderlich ist. Dies hat keinen Einfluss auf die Versandkosten. <\/p>\n\n<h2 class=\"wp-block-heading has-medium-font-size\">6. \u00dcbertragung des Risikos<\/h2>\n\n<p>Die Gefahr geht auf den Kunden \u00fcber, sobald die Waren an den Kunden oder einen vom Kunden benannten Dritten geliefert werden.<\/p>\n\n<h2 class=\"wp-block-heading has-medium-font-size\">7. Liefert<\/h2>\n\n<p>Informationen zur R\u00fcckgabe finden Sie in unseren R\u00fcckgabebedingungen auf der Website.<\/p>\n\n<p><\/p>\n","protected":false},"excerpt":{"rendered":"<p>1. Umfang Die folgenden Versandbedingungen gelten f\u00fcr alle Lieferungen von Produkten durch viluthu.ch an Kunden innerhalb der Schweiz. 2. Versandkosten A-Post (0-500gr): CHF 3.70PostPac Economy: CHF 8.90 3. Lieferfrist Innerhalb der Schweiz: 1-3 Arbeitstage 4. Lieferadresse Der Kunde ist f\u00fcr die Angabe einer korrekten Lieferadresse verantwortlich. Die Lieferung erfolgt an die vom Kunden w\u00e4hrend des [&hellip;]<\/p>\n","protected":false},"author":1,"featured_media":0,"parent":0,"menu_order":0,"comment_status":"closed","ping_status":"closed","template":"","meta":{"_uag_custom_page_level_css":"","site-sidebar-layout":"default","site-content-layout":"","ast-site-content-layout":"default","site-content-style":"default","site-sidebar-style":"default","ast-global-header-display":"","ast-banner-title-visibility":"","ast-main-header-display":"","ast-hfb-above-header-display":"","ast-hfb-below-header-display":"","ast-hfb-mobile-header-display":"","site-post-title":"","ast-breadcrumbs-content":"","ast-featured-img":"","footer-sml-layout":"","theme-transparent-header-meta":"","adv-header-id-meta":"","stick-header-meta":"","header-above-stick-meta":"","header-main-stick-meta":"","header-below-stick-meta":"","astra-migrate-meta-layouts":"default","ast-page-background-enabled":"default","ast-page-background-meta":{"desktop":{"background-color":"","background-image":"","background-repeat":"repeat","background-position":"center center","background-size":"auto","background-attachment":"scroll","background-type":"","background-media":"","overlay-type":"","overlay-color":"","overlay-opacity":"","overlay-gradient":""},"tablet":{"background-color":"","background-image":"","background-repeat":"repeat","background-position":"center center","background-size":"auto","background-attachment":"scroll","background-type":"","background-media":"","overlay-type":"","overlay-color":"","overlay-opacity":"","overlay-gradient":""},"mobile":{"background-color":"","background-image":"","background-repeat":"repeat","background-position":"center center","background-size":"auto","background-attachment":"scroll","background-type":"","background-media":"","overlay-type":"","overlay-color":"","overlay-opacity":"","overlay-gradient":""}},"ast-content-background-meta":{"desktop":{"background-color":"var(--ast-global-color-5)","background-image":"","background-repeat":"repeat","background-position":"center center","background-size":"auto","background-attachment":"scroll","background-type":"","background-media":"","overlay-type":"","overlay-color":"","overlay-opacity":"","overlay-gradient":""},"tablet":{"background-color":"var(--ast-global-color-5)","background-image":"","background-repeat":"repeat","background-position":"center center","background-size":"auto","background-attachment":"scroll","background-type":"","background-media":"","overlay-type":"","overlay-color":"","overlay-opacity":"","overlay-gradient":""},"mobile":{"background-color":"var(--ast-global-color-5)","background-image":"","background-repeat":"repeat","background-position":"center center","background-size":"auto","background-attachment":"scroll","background-type":"","background-media":"","overlay-type":"","overlay-color":"","overlay-opacity":"","overlay-gradient":""}},"footnotes":""},"class_list":["post-6340","page","type-page","status-publish","hentry"],"spectra_custom_meta":{"rank_math_internal_links_processed":["1"],"ast-main-header-display":[""],"ast-hfb-above-header-display":[""],"ast-hfb-below-header-display":[""],"ast-hfb-mobile-header-display":[""],"adv-header-id-meta":[""],"footer-sml-layout":[""],"stick-header-meta":[""],"header-main-stick-meta":[""],"header-above-stick-meta":[""],"header-below-stick-meta":[""],"site-post-title":[""],"site-sidebar-layout":["default"],"site-content-layout":[""],"ast-featured-img":[""],"ast-breadcrumbs-content":[""],"theme-transparent-header-meta":[""],"ast-banner-title-visibility":[""],"ast-global-header-display":[""],"ast-site-content-layout":["default"],"site-content-style":["default"],"site-sidebar-style":["default"],"_top_nav_excluded":[""],"_cms_nav_minihome":[""],"_last_translation_edit_mode":["translation-editor"],"_uag_page_assets":["a:9:{s:3:\"css\";s:263:\".uag-blocks-common-selector{z-index:var(--z-index-desktop) !important}@media (max-width: 976px){.uag-blocks-common-selector{z-index:var(--z-index-tablet) !important}}@media (max-width: 767px){.uag-blocks-common-selector{z-index:var(--z-index-mobile) !important}}\n\";s:2:\"js\";s:0:\"\";s:18:\"current_block_list\";a:15:{i:0;s:12:\"core\/heading\";i:1;s:14:\"core\/paragraph\";i:2;s:11:\"core\/search\";i:3;s:10:\"core\/group\";i:4;s:17:\"core\/latest-posts\";i:5;s:20:\"core\/latest-comments\";i:6;s:13:\"core\/archives\";i:7;s:15:\"core\/categories\";i:8;s:24:\"woocommerce\/price-filter\";i:9;s:24:\"woocommerce\/stock-filter\";i:10;s:14:\"core\/page-list\";i:11;s:12:\"core\/columns\";i:12;s:11:\"core\/column\";i:13;s:26:\"woocommerce\/product-search\";i:14;s:26:\"woocommerce\/active-filters\";}s:8:\"uag_flag\";b:0;s:11:\"uag_version\";s:10:\"1776143432\";s:6:\"gfonts\";a:0:{}s:10:\"gfonts_url\";s:0:\"\";s:12:\"gfonts_files\";a:0:{}s:14:\"uag_faq_layout\";b:0;}"],"_uag_css_file_name":["uag-css-6340.css"]},"uagb_featured_image_src":{"full":false,"thumbnail":false,"medium":false,"medium_large":false,"large":false,"1536x1536":false,"2048x2048":false,"woocommerce_thumbnail":false,"woocommerce_single":false,"woocommerce_gallery_thumbnail":false},"uagb_author_info":{"display_name":"admin","author_link":"https:\/\/viluthu.ch\/de\/author\/sivarajaht_0saaj69u\/"},"uagb_comment_info":0,"uagb_excerpt":"1. Umfang Die folgenden Versandbedingungen gelten f\u00fcr alle Lieferungen von Produkten durch viluthu.ch an Kunden innerhalb der Schweiz. 2. Versandkosten A-Post (0-500gr): CHF 3.70PostPac Economy: CHF 8.90 3. Lieferfrist Innerhalb der Schweiz: 1-3 Arbeitstage 4. Lieferadresse Der Kunde ist f\u00fcr die Angabe einer korrekten Lieferadresse verantwortlich. Die Lieferung erfolgt an die vom Kunden w\u00e4hrend des&hellip;","_links":{"self":[{"href":"https:\/\/viluthu.ch\/de\/wp-json\/wp\/v2\/pages\/6340","targetHints":{"allow":["GET"]}}],"collection":[{"href":"https:\/\/viluthu.ch\/de\/wp-json\/wp\/v2\/pages"}],"about":[{"href":"https:\/\/viluthu.ch\/de\/wp-json\/wp\/v2\/types\/page"}],"author":[{"embeddable":true,"href":"https:\/\/viluthu.ch\/de\/wp-json\/wp\/v2\/users\/1"}],"replies":[{"embeddable":true,"href":"https:\/\/viluthu.ch\/de\/wp-json\/wp\/v2\/comments?post=6340"}],"version-history":[{"count":1,"href":"https:\/\/viluthu.ch\/de\/wp-json\/wp\/v2\/pages\/6340\/revisions"}],"predecessor-version":[{"id":6341,"href":"https:\/\/viluthu.ch\/de\/wp-json\/wp\/v2\/pages\/6340\/revisions\/6341"}],"wp:attachment":[{"href":"https:\/\/viluthu.ch\/de\/wp-json\/wp\/v2\/media?parent=6340"}],"curies":[{"name":"wp","href":"https:\/\/api.w.org\/{rel}","templated":true}]}}