{"id":5987,"date":"2024-08-28T15:15:33","date_gmt":"2024-08-28T15:15:33","guid":{"rendered":"https:\/\/viluthu.ch\/product\/tamil-maadangalin-sirappukal\/"},"modified":"2024-08-28T15:15:33","modified_gmt":"2024-08-28T15:15:33","slug":"tamil-maadangalin-sirappukal","status":"publish","type":"product","link":"https:\/\/viluthu.ch\/de\/product\/tamil-maadangalin-sirappukal\/","title":{"rendered":"Tamil Maadangalin Sirappukal"},"content":{"rendered":"<p>Tamil Maadangalin Sirappukal ist ein einzigartiges und besonderes Buch, das Kindern die Bedeutung jedes tamilischen Monats und die mit ihm verbundenen Ereignisse n\u00e4her bringt.<br \/>\nDurch die Verbindung von traditionellen Sprichw\u00f6rtern, von denen viele nicht mehr gebr\u00e4uchlich sind, mit den Monaten, hilft dieses Buch den Kindern, sich sowohl das kulturelle Erbe als auch den Kalender zu merken.<br \/>\nEs ist ein einzigartiges Hilfsmittel, das das Lernen \u00fcber die tamilischen Monate f\u00fcr junge Leser interessant und einpr\u00e4gsam macht.  <\/p>\n","protected":false},"excerpt":{"rendered":"<p>Tamil Maadangalin Sirappukal ist ein einzigartiges Buch, das Kindern hilft, jeden tamilischen Monat und seine Bedeutung kennenzulernen, indem es traditionelle Sprichw\u00f6rter verwendet, um sie einpr\u00e4gsam zu machen.<br \/>\nEs ist eine unterhaltsame Art f\u00fcr Kinder, sich mit dem kulturellen Erbe zu verbinden und sich leicht an wichtige Ereignisse zu erinnern. <\/p>\n","protected":false},"featured_media":5666,"comment_status":"closed","ping_status":"closed","template":"","meta":{"_uag_custom_page_level_css":"","site-sidebar-layout":"default","site-content-layout":"","ast-site-content-layout":"default","site-content-style":"default","site-sidebar-style":"default","ast-global-header-display":"","ast-banner-title-visibility":"","ast-main-header-display":"","ast-hfb-above-header-display":"","ast-hfb-below-header-display":"","ast-hfb-mobile-header-display":"","site-post-title":"","ast-breadcrumbs-content":"","ast-featured-img":"","footer-sml-layout":"","theme-transparent-header-meta":"default","adv-header-id-meta":"","stick-header-meta":"","header-above-stick-meta":"","header-main-stick-meta":"","header-below-stick-meta":"","astra-migrate-meta-layouts":"default","ast-page-background-enabled":"default","ast-page-background-meta":{"desktop":{"background-color":"","background-image":"","background-repeat":"repeat","background-position":"center center","background-size":"auto","background-attachment":"scroll","background-type":"","background-media":"","overlay-type":"","overlay-color":"","overlay-opacity":"","overlay-gradient":""},"tablet":{"background-color":"","background-image":"","background-repeat":"repeat","background-position":"center center","background-size":"auto","background-attachment":"scroll","background-type":"","background-media":"","overlay-type":"","overlay-color":"","overlay-opacity":"","overlay-gradient":""},"mobile":{"background-color":"","background-image":"","background-repeat":"repeat","background-position":"center center","background-size":"auto","background-attachment":"scroll","background-type":"","background-media":"","overlay-type":"","overlay-color":"","overlay-opacity":"","overlay-gradient":""}},"ast-content-background-meta":{"desktop":{"background-color":"var(--ast-global-color-5)","background-image":"","background-repeat":"repeat","background-position":"center center","background-size":"auto","background-attachment":"scroll","background-type":"","background-media":"","overlay-type":"","overlay-color":"","overlay-opacity":"","overlay-gradient":""},"tablet":{"background-color":"var(--ast-global-color-5)","background-image":"","background-repeat":"repeat","background-position":"center center","background-size":"auto","background-attachment":"scroll","background-type":"","background-media":"","overlay-type":"","overlay-color":"","overlay-opacity":"","overlay-gradient":""},"mobile":{"background-color":"var(--ast-global-color-5)","background-image":"","background-repeat":"repeat","background-position":"center center","background-size":"auto","background-attachment":"scroll","background-type":"","background-media":"","overlay-type":"","overlay-color":"","overlay-opacity":"","overlay-gradient":""}}},"product_brand":[],"product_cat":[47],"product_tag":[],"class_list":{"0":"post-5987","1":"product","2":"type-product","3":"status-publish","4":"has-post-thumbnail","6":"product_cat-tamilische-bucher","7":"desktop-align-center","8":"tablet-align-center","9":"mobile-align-center","11":"first","12":"instock","13":"shipping-taxable","14":"purchasable","15":"product-type-simple"},"spectra_custom_meta":{"rank_math_internal_links_processed":["1"],"_wcml_average_rating":[null],"_wcml_review_count":[null],"_wcml_rating_count":[null],"_backorders":["no"],"_download_limit":["-1"],"_download_expiry":["-1"],"_downloadable":["no"],"_manage_stock":["yes"],"_stock_status":["instock"],"_sold_individually":["no"],"_tax_class":[""],"_tax_status":["taxable"],"_virtual":["no"],"total_sales":["2"],"_regular_price":["19.90"],"_price":["19.90"],"site-sidebar-layout":["default"],"theme-transparent-header-meta":["default"],"ast-site-content-layout":["default"],"site-content-style":["default"],"site-sidebar-style":["default"],"_top_nav_excluded":[""],"_cms_nav_minihome":[""],"wcml_sync_hash":["a:1:{s:15:\"postmeta_fields\";s:32:\"d94fe0e28d263540aa50f61de9e2afb1\";}"],"attr_label_translations":["a:0:{}"],"_product_attributes":["a:0:{}"],"_default_attributes":["a:0:{}"],"_upsell_ids":["a:0:{}"],"_crosssell_ids":["a:0:{}"],"_children":["a:0:{}"],"_stock":["7"],"rank_math_robots":["a:1:{i:0;s:5:\"index\";}"],"_thumbnail_id":["5666"],"_uag_page_assets":["a:9:{s:3:\"css\";s:263:\".uag-blocks-common-selector{z-index:var(--z-index-desktop) !important}@media (max-width: 976px){.uag-blocks-common-selector{z-index:var(--z-index-tablet) !important}}@media (max-width: 767px){.uag-blocks-common-selector{z-index:var(--z-index-mobile) !important}}\n\";s:2:\"js\";s:0:\"\";s:18:\"current_block_list\";a:14:{i:0;s:11:\"core\/search\";i:1;s:10:\"core\/group\";i:2;s:12:\"core\/heading\";i:3;s:17:\"core\/latest-posts\";i:4;s:20:\"core\/latest-comments\";i:5;s:13:\"core\/archives\";i:6;s:15:\"core\/categories\";i:7;s:24:\"woocommerce\/price-filter\";i:8;s:24:\"woocommerce\/stock-filter\";i:9;s:14:\"core\/page-list\";i:10;s:12:\"core\/columns\";i:11;s:11:\"core\/column\";i:12;s:26:\"woocommerce\/product-search\";i:13;s:26:\"woocommerce\/active-filters\";}s:8:\"uag_flag\";b:0;s:11:\"uag_version\";s:10:\"1776143432\";s:6:\"gfonts\";a:0:{}s:10:\"gfonts_url\";s:0:\"\";s:12:\"gfonts_files\";a:0:{}s:14:\"uag_faq_layout\";b:0;}"],"_wpml_word_count":["{\"total\":130,\"to_translate\":{\"en\":130,\"ta\":130}}"],"_uag_css_file_name":["uag-css-5987.css"],"_wc_rating_count":[""],"_wc_review_count":[""],"_wc_average_rating":[0]},"uagb_featured_image_src":{"full":["https:\/\/viluthu.ch\/wp-content\/uploads\/2024\/08\/Tamil-Maadangalin-Sirappukal-Cover-edited.png",1414,2000,false],"thumbnail":["https:\/\/viluthu.ch\/wp-content\/uploads\/2024\/08\/Tamil-Maadangalin-Sirappukal-Cover-edited-150x150.png",150,150,true],"medium":["https:\/\/viluthu.ch\/wp-content\/uploads\/2024\/08\/Tamil-Maadangalin-Sirappukal-Cover-edited-212x300.png",212,300,true],"medium_large":["https:\/\/viluthu.ch\/wp-content\/uploads\/2024\/08\/Tamil-Maadangalin-Sirappukal-Cover-edited-768x1086.png",768,1086,true],"large":["https:\/\/viluthu.ch\/wp-content\/uploads\/2024\/08\/Tamil-Maadangalin-Sirappukal-Cover-edited-724x1024.png",724,1024,true],"1536x1536":["https:\/\/viluthu.ch\/wp-content\/uploads\/2024\/08\/Tamil-Maadangalin-Sirappukal-Cover-edited-1086x1536.png",1086,1536,true],"2048x2048":["https:\/\/viluthu.ch\/wp-content\/uploads\/2024\/08\/Tamil-Maadangalin-Sirappukal-Cover-edited.png",1414,2000,false],"woocommerce_thumbnail":["https:\/\/viluthu.ch\/wp-content\/uploads\/2024\/08\/Tamil-Maadangalin-Sirappukal-Cover-edited-300x300.png",300,300,true],"woocommerce_single":["https:\/\/viluthu.ch\/wp-content\/uploads\/2024\/08\/Tamil-Maadangalin-Sirappukal-Cover-edited-200x283.png",200,283,true],"woocommerce_gallery_thumbnail":["https:\/\/viluthu.ch\/wp-content\/uploads\/2024\/08\/Tamil-Maadangalin-Sirappukal-Cover-edited-100x100.png",100,100,true]},"uagb_author_info":{"display_name":"Rahavy Sivarajah","author_link":"https:\/\/viluthu.ch\/de\/author\/"},"uagb_comment_info":0,"uagb_excerpt":"Tamil Maadangalin Sirappukal ist ein einzigartiges Buch, das Kindern hilft, jeden tamilischen Monat und seine Bedeutung kennenzulernen, indem es traditionelle Sprichw\u00f6rter verwendet, um sie einpr\u00e4gsam zu machen. Es ist eine unterhaltsame Art f\u00fcr Kinder, sich mit dem kulturellen Erbe zu verbinden und sich leicht an wichtige Ereignisse zu erinnern.","_links":{"self":[{"href":"https:\/\/viluthu.ch\/de\/wp-json\/wp\/v2\/product\/5987","targetHints":{"allow":["GET"]}}],"collection":[{"href":"https:\/\/viluthu.ch\/de\/wp-json\/wp\/v2\/product"}],"about":[{"href":"https:\/\/viluthu.ch\/de\/wp-json\/wp\/v2\/types\/product"}],"replies":[{"embeddable":true,"href":"https:\/\/viluthu.ch\/de\/wp-json\/wp\/v2\/comments?post=5987"}],"wp:featuredmedia":[{"embeddable":true,"href":"https:\/\/viluthu.ch\/de\/wp-json\/wp\/v2\/media\/5666"}],"wp:attachment":[{"href":"https:\/\/viluthu.ch\/de\/wp-json\/wp\/v2\/media?parent=5987"}],"wp:term":[{"taxonomy":"product_brand","embeddable":true,"href":"https:\/\/viluthu.ch\/de\/wp-json\/wp\/v2\/product_brand?post=5987"},{"taxonomy":"product_cat","embeddable":true,"href":"https:\/\/viluthu.ch\/de\/wp-json\/wp\/v2\/product_cat?post=5987"},{"taxonomy":"product_tag","embeddable":true,"href":"https:\/\/viluthu.ch\/de\/wp-json\/wp\/v2\/product_tag?post=5987"}],"curies":[{"name":"wp","href":"https:\/\/api.w.org\/{rel}","templated":true}]}}