{"id":5988,"date":"2024-08-27T18:34:41","date_gmt":"2024-08-27T18:34:41","guid":{"rendered":"https:\/\/viluthu.ch\/product\/suvai-thiruvizha\/"},"modified":"2024-08-27T18:34:41","modified_gmt":"2024-08-27T18:34:41","slug":"suvai-thiruvizha","status":"publish","type":"product","link":"https:\/\/viluthu.ch\/de\/product\/suvai-thiruvizha\/","title":{"rendered":"Suvai Thiruvizha"},"content":{"rendered":"<p>Suvai Thiruvizha ist ein lebhaftes Pappbilderbuch, das Kinder dazu einl\u00e4dt, die Welt der Aromen zu erkunden und ihnen mit Hilfe von fesselnden Illustrationen neue und aufregende Geschmacksrichtungen vorzustellen.<br \/>\nDieses Buch ist perfekt f\u00fcr neugierige Kinder, denn es hilft ihnen, verschiedene Lebensmittel kennenzulernen und ermutigt sie, ihren Gaumen zu erweitern.<br \/>\nMit Suvai Thiruvizha begeben sich die Geschmacksnerven Ihres Kindes auf ein k\u00f6stliches kulinarisches Abenteuer  <\/p>\n","protected":false},"excerpt":{"rendered":"<p>Suvai Thiruvizha ist ein farbenfrohes Pappbilderbuch, das Kinder auf eine geschmackliche Reise mitnimmt und sie mit atemberaubenden Illustrationen in neue Geschmacksrichtungen einf\u00fchrt.<br \/>\nDieses Buch ist ideal f\u00fcr die Kleinen, um verschiedene Lebensmittel kennenzulernen und ihren Gaumen zu erweitern. Es l\u00e4dt die Geschmacksknospen Ihres Kindes dazu ein, eine Welt voller Aromen zu entdecken. <\/p>\n","protected":false},"featured_media":5664,"comment_status":"closed","ping_status":"closed","template":"","meta":{"_uag_custom_page_level_css":"","site-sidebar-layout":"default","site-content-layout":"","ast-site-content-layout":"default","site-content-style":"default","site-sidebar-style":"default","ast-global-header-display":"","ast-banner-title-visibility":"","ast-main-header-display":"","ast-hfb-above-header-display":"","ast-hfb-below-header-display":"","ast-hfb-mobile-header-display":"","site-post-title":"","ast-breadcrumbs-content":"","ast-featured-img":"","footer-sml-layout":"","theme-transparent-header-meta":"default","adv-header-id-meta":"","stick-header-meta":"","header-above-stick-meta":"","header-main-stick-meta":"","header-below-stick-meta":"","astra-migrate-meta-layouts":"default","ast-page-background-enabled":"default","ast-page-background-meta":{"desktop":{"background-color":"","background-image":"","background-repeat":"repeat","background-position":"center center","background-size":"auto","background-attachment":"scroll","background-type":"","background-media":"","overlay-type":"","overlay-color":"","overlay-opacity":"","overlay-gradient":""},"tablet":{"background-color":"","background-image":"","background-repeat":"repeat","background-position":"center center","background-size":"auto","background-attachment":"scroll","background-type":"","background-media":"","overlay-type":"","overlay-color":"","overlay-opacity":"","overlay-gradient":""},"mobile":{"background-color":"","background-image":"","background-repeat":"repeat","background-position":"center center","background-size":"auto","background-attachment":"scroll","background-type":"","background-media":"","overlay-type":"","overlay-color":"","overlay-opacity":"","overlay-gradient":""}},"ast-content-background-meta":{"desktop":{"background-color":"var(--ast-global-color-5)","background-image":"","background-repeat":"repeat","background-position":"center center","background-size":"auto","background-attachment":"scroll","background-type":"","background-media":"","overlay-type":"","overlay-color":"","overlay-opacity":"","overlay-gradient":""},"tablet":{"background-color":"var(--ast-global-color-5)","background-image":"","background-repeat":"repeat","background-position":"center center","background-size":"auto","background-attachment":"scroll","background-type":"","background-media":"","overlay-type":"","overlay-color":"","overlay-opacity":"","overlay-gradient":""},"mobile":{"background-color":"var(--ast-global-color-5)","background-image":"","background-repeat":"repeat","background-position":"center center","background-size":"auto","background-attachment":"scroll","background-type":"","background-media":"","overlay-type":"","overlay-color":"","overlay-opacity":"","overlay-gradient":""}}},"product_brand":[],"product_cat":[47],"product_tag":[],"class_list":{"0":"post-5988","1":"product","2":"type-product","3":"status-publish","4":"has-post-thumbnail","6":"product_cat-tamilische-bucher","7":"desktop-align-center","8":"tablet-align-center","9":"mobile-align-center","11":"first","12":"instock","13":"shipping-taxable","14":"purchasable","15":"product-type-simple"},"spectra_custom_meta":{"rank_math_internal_links_processed":["1"],"_wcml_average_rating":[null],"_wcml_review_count":[null],"_wcml_rating_count":[null],"_backorders":["no"],"_download_limit":["-1"],"_download_expiry":["-1"],"_downloadable":["no"],"_manage_stock":["yes"],"_stock_status":["instock"],"_sold_individually":["no"],"_tax_class":[""],"_tax_status":["taxable"],"_virtual":["no"],"total_sales":["1"],"_regular_price":["16.90"],"_price":["16.90"],"site-sidebar-layout":["default"],"theme-transparent-header-meta":["default"],"ast-site-content-layout":["default"],"site-content-style":["default"],"site-sidebar-style":["default"],"_top_nav_excluded":[""],"_cms_nav_minihome":[""],"wcml_sync_hash":["a:1:{s:15:\"postmeta_fields\";s:32:\"6170a84cde4b4d6ba45abf1107824154\";}"],"attr_label_translations":["a:0:{}"],"_product_attributes":["a:0:{}"],"_default_attributes":["a:0:{}"],"_upsell_ids":["a:0:{}"],"_crosssell_ids":["a:0:{}"],"_children":["a:0:{}"],"_stock":["9"],"rank_math_robots":["a:1:{i:0;s:5:\"index\";}"],"_thumbnail_id":["5664"],"_uag_page_assets":["a:9:{s:3:\"css\";s:263:\".uag-blocks-common-selector{z-index:var(--z-index-desktop) !important}@media (max-width: 976px){.uag-blocks-common-selector{z-index:var(--z-index-tablet) !important}}@media (max-width: 767px){.uag-blocks-common-selector{z-index:var(--z-index-mobile) !important}}\n\";s:2:\"js\";s:0:\"\";s:18:\"current_block_list\";a:14:{i:0;s:11:\"core\/search\";i:1;s:10:\"core\/group\";i:2;s:12:\"core\/heading\";i:3;s:17:\"core\/latest-posts\";i:4;s:20:\"core\/latest-comments\";i:5;s:13:\"core\/archives\";i:6;s:15:\"core\/categories\";i:7;s:24:\"woocommerce\/price-filter\";i:8;s:24:\"woocommerce\/stock-filter\";i:9;s:14:\"core\/page-list\";i:10;s:12:\"core\/columns\";i:11;s:11:\"core\/column\";i:12;s:26:\"woocommerce\/product-search\";i:13;s:26:\"woocommerce\/active-filters\";}s:8:\"uag_flag\";b:0;s:11:\"uag_version\";s:10:\"1776143432\";s:6:\"gfonts\";a:0:{}s:10:\"gfonts_url\";s:0:\"\";s:12:\"gfonts_files\";a:0:{}s:14:\"uag_faq_layout\";b:0;}"],"_wpml_word_count":["{\"total\":119,\"to_translate\":{\"en\":119,\"ta\":119}}"],"_uag_css_file_name":["uag-css-5988.css"],"_wc_rating_count":[""],"_wc_review_count":[""],"_wc_average_rating":[0]},"uagb_featured_image_src":{"full":["https:\/\/viluthu.ch\/wp-content\/uploads\/2024\/08\/Suvaitiruvizha-Cover-edited.png",1414,2000,false],"thumbnail":["https:\/\/viluthu.ch\/wp-content\/uploads\/2024\/08\/Suvaitiruvizha-Cover-edited-150x150.png",150,150,true],"medium":["https:\/\/viluthu.ch\/wp-content\/uploads\/2024\/08\/Suvaitiruvizha-Cover-edited-212x300.png",212,300,true],"medium_large":["https:\/\/viluthu.ch\/wp-content\/uploads\/2024\/08\/Suvaitiruvizha-Cover-edited-768x1086.png",768,1086,true],"large":["https:\/\/viluthu.ch\/wp-content\/uploads\/2024\/08\/Suvaitiruvizha-Cover-edited-724x1024.png",724,1024,true],"1536x1536":["https:\/\/viluthu.ch\/wp-content\/uploads\/2024\/08\/Suvaitiruvizha-Cover-edited-1086x1536.png",1086,1536,true],"2048x2048":["https:\/\/viluthu.ch\/wp-content\/uploads\/2024\/08\/Suvaitiruvizha-Cover-edited.png",1414,2000,false],"woocommerce_thumbnail":["https:\/\/viluthu.ch\/wp-content\/uploads\/2024\/08\/Suvaitiruvizha-Cover-edited-300x300.png",300,300,true],"woocommerce_single":["https:\/\/viluthu.ch\/wp-content\/uploads\/2024\/08\/Suvaitiruvizha-Cover-edited-200x283.png",200,283,true],"woocommerce_gallery_thumbnail":["https:\/\/viluthu.ch\/wp-content\/uploads\/2024\/08\/Suvaitiruvizha-Cover-edited-100x100.png",100,100,true]},"uagb_author_info":{"display_name":"Rahavy Sivarajah","author_link":"https:\/\/viluthu.ch\/de\/author\/"},"uagb_comment_info":0,"uagb_excerpt":"Suvai Thiruvizha ist ein farbenfrohes Pappbilderbuch, das Kinder auf eine geschmackliche Reise mitnimmt und sie mit atemberaubenden Illustrationen in neue Geschmacksrichtungen einf\u00fchrt. Dieses Buch ist ideal f\u00fcr die Kleinen, um verschiedene Lebensmittel kennenzulernen und ihren Gaumen zu erweitern. Es l\u00e4dt die Geschmacksknospen Ihres Kindes dazu ein, eine Welt voller Aromen zu entdecken.","_links":{"self":[{"href":"https:\/\/viluthu.ch\/de\/wp-json\/wp\/v2\/product\/5988","targetHints":{"allow":["GET"]}}],"collection":[{"href":"https:\/\/viluthu.ch\/de\/wp-json\/wp\/v2\/product"}],"about":[{"href":"https:\/\/viluthu.ch\/de\/wp-json\/wp\/v2\/types\/product"}],"replies":[{"embeddable":true,"href":"https:\/\/viluthu.ch\/de\/wp-json\/wp\/v2\/comments?post=5988"}],"wp:featuredmedia":[{"embeddable":true,"href":"https:\/\/viluthu.ch\/de\/wp-json\/wp\/v2\/media\/5664"}],"wp:attachment":[{"href":"https:\/\/viluthu.ch\/de\/wp-json\/wp\/v2\/media?parent=5988"}],"wp:term":[{"taxonomy":"product_brand","embeddable":true,"href":"https:\/\/viluthu.ch\/de\/wp-json\/wp\/v2\/product_brand?post=5988"},{"taxonomy":"product_cat","embeddable":true,"href":"https:\/\/viluthu.ch\/de\/wp-json\/wp\/v2\/product_cat?post=5988"},{"taxonomy":"product_tag","embeddable":true,"href":"https:\/\/viluthu.ch\/de\/wp-json\/wp\/v2\/product_tag?post=5988"}],"curies":[{"name":"wp","href":"https:\/\/api.w.org\/{rel}","templated":true}]}}